{"id":791,"date":"2022-09-09T09:12:50","date_gmt":"2022-09-09T08:12:50","guid":{"rendered":"https:\/\/baeckerei-holzmeyer.de\/?post_type=product&#038;p=791"},"modified":"2022-09-09T09:12:50","modified_gmt":"2022-09-09T08:12:50","slug":"suesses-broetchen","status":"publish","type":"product","link":"https:\/\/baeckerei-holzmeyer.de\/?product=suesses-broetchen","title":{"rendered":"S\u00fc\u00dfes Br\u00f6tchen"},"content":{"rendered":"","protected":false},"excerpt":{"rendered":"","protected":false},"featured_media":725,"template":"","meta":{"ngg_post_thumbnail":0},"product_cat":[23],"product_tag":[],"class_list":{"0":"post-791","1":"product","2":"type-product","3":"status-publish","4":"has-post-thumbnail","6":"product_cat-broetchen","8":"first","9":"instock","10":"taxable","11":"shipping-taxable","12":"purchasable","13":"product-type-simple"},"_links":{"self":[{"href":"https:\/\/baeckerei-holzmeyer.de\/index.php?rest_route=\/wp\/v2\/product\/791","targetHints":{"allow":["GET"]}}],"collection":[{"href":"https:\/\/baeckerei-holzmeyer.de\/index.php?rest_route=\/wp\/v2\/product"}],"about":[{"href":"https:\/\/baeckerei-holzmeyer.de\/index.php?rest_route=\/wp\/v2\/types\/product"}],"wp:featuredmedia":[{"embeddable":true,"href":"https:\/\/baeckerei-holzmeyer.de\/index.php?rest_route=\/wp\/v2\/media\/725"}],"wp:attachment":[{"href":"https:\/\/baeckerei-holzmeyer.de\/index.php?rest_route=%2Fwp%2Fv2%2Fmedia&parent=791"}],"wp:term":[{"taxonomy":"product_cat","embeddable":true,"href":"https:\/\/baeckerei-holzmeyer.de\/index.php?rest_route=%2Fwp%2Fv2%2Fproduct_cat&post=791"},{"taxonomy":"product_tag","embeddable":true,"href":"https:\/\/baeckerei-holzmeyer.de\/index.php?rest_route=%2Fwp%2Fv2%2Fproduct_tag&post=791"}],"curies":[{"name":"wp","href":"https:\/\/api.w.org\/{rel}","templated":true}]}}