{"id":71,"date":"2014-01-26T15:14:02","date_gmt":"2014-01-26T14:14:02","guid":{"rendered":"http:\/\/163558.test-my-website.de\/wp\/?page_id=71"},"modified":"2014-03-07T08:16:01","modified_gmt":"2014-03-07T07:16:01","slug":"ueber-uns","status":"publish","type":"page","link":"https:\/\/baeckerei-holzmeyer.de\/?page_id=71","title":{"rendered":"\u00dcber uns"},"content":{"rendered":"<h3 style=\"text-align: center;\"><span style=\"color: #000080;\">Unsere B\u00e4ckerei ist nunmehr<\/span><br \/>\n<span style=\"color: #000080;\"> bereits in der 3. Generation<\/span><br \/>\n<span style=\"color: #000080;\"> in Familienbesitz.<\/span><\/h3>\n<h2 style=\"text-align: center;\"><a href=\"http:\/\/163558.test-my-website.de\/wp\/wp-content\/uploads\/2014\/03\/Steinofen2.jpg\"><img loading=\"lazy\" decoding=\"async\" class=\"alignnone  wp-image-159\" alt=\"Steinofen2\" src=\"http:\/\/163558.test-my-website.de\/wp\/wp-content\/uploads\/2014\/03\/Steinofen2.jpg\" width=\"351\" height=\"265\" srcset=\"https:\/\/baeckerei-holzmeyer.de\/wp-content\/uploads\/2014\/03\/Steinofen2.jpg 1284w, https:\/\/baeckerei-holzmeyer.de\/wp-content\/uploads\/2014\/03\/Steinofen2-600x454.jpg 600w, https:\/\/baeckerei-holzmeyer.de\/wp-content\/uploads\/2014\/03\/Steinofen2-300x227.jpg 300w, https:\/\/baeckerei-holzmeyer.de\/wp-content\/uploads\/2014\/03\/Steinofen2-1024x775.jpg 1024w\" sizes=\"auto, (max-width: 351px) 100vw, 351px\" \/><\/a><\/h2>\n<h3 style=\"text-align: center;\"><span style=\"color: #000080;\">Sie wurde <\/span><span style=\"color: #000080;\">1930 von Karl Holzmeyer<\/span><br \/>\n<span style=\"color: #000080;\"> gegr\u00fcndet. 1960 \u00fcbernahm sie<\/span><br \/>\n<span style=\"color: #000080;\"> Karl Heinz Holzmeyer und seit 1995<\/span><br \/>\n<span style=\"color: #000080;\"> ist sie unter der Leitung von<\/span><br \/>\n<span style=\"color: #000080;\"> Carsten Holzmeyer.<\/span><\/h3>\n<p style=\"text-align: center;\"><a href=\"http:\/\/163558.test-my-website.de\/wp\/wp-content\/uploads\/2014\/03\/Steinofen.jpg\"><img loading=\"lazy\" decoding=\"async\" class=\"alignnone  wp-image-158\" alt=\"Steinofen\" src=\"http:\/\/163558.test-my-website.de\/wp\/wp-content\/uploads\/2014\/03\/Steinofen.jpg\" width=\"353\" height=\"235\" \/><\/a><\/p>\n<p style=\"text-align: center;\"><span style=\"color: #ffffff;\">______________________________________________________________________________________________<\/span><\/p>\n","protected":false},"excerpt":{"rendered":"<p>Unsere B\u00e4ckerei ist nunmehr bereits in der 3. Generation in Familienbesitz. Sie wurde 1930 von Karl Holzmeyer gegr\u00fcndet. 1960 \u00fcbernahm sie Karl Heinz Holzmeyer und seit 1995 ist sie unter der Leitung von Carsten Holzmeyer. ______________________________________________________________________________________________<\/p>\n","protected":false},"author":1,"featured_media":0,"parent":0,"menu_order":0,"comment_status":"closed","ping_status":"closed","template":"","meta":{"ngg_post_thumbnail":0,"footnotes":""},"class_list":["post-71","page","type-page","status-publish","hentry"],"_links":{"self":[{"href":"https:\/\/baeckerei-holzmeyer.de\/index.php?rest_route=\/wp\/v2\/pages\/71","targetHints":{"allow":["GET"]}}],"collection":[{"href":"https:\/\/baeckerei-holzmeyer.de\/index.php?rest_route=\/wp\/v2\/pages"}],"about":[{"href":"https:\/\/baeckerei-holzmeyer.de\/index.php?rest_route=\/wp\/v2\/types\/page"}],"author":[{"embeddable":true,"href":"https:\/\/baeckerei-holzmeyer.de\/index.php?rest_route=\/wp\/v2\/users\/1"}],"replies":[{"embeddable":true,"href":"https:\/\/baeckerei-holzmeyer.de\/index.php?rest_route=%2Fwp%2Fv2%2Fcomments&post=71"}],"version-history":[{"count":8,"href":"https:\/\/baeckerei-holzmeyer.de\/index.php?rest_route=\/wp\/v2\/pages\/71\/revisions"}],"predecessor-version":[{"id":251,"href":"https:\/\/baeckerei-holzmeyer.de\/index.php?rest_route=\/wp\/v2\/pages\/71\/revisions\/251"}],"wp:attachment":[{"href":"https:\/\/baeckerei-holzmeyer.de\/index.php?rest_route=%2Fwp%2Fv2%2Fmedia&parent=71"}],"curies":[{"name":"wp","href":"https:\/\/api.w.org\/{rel}","templated":true}]}}