{"id":695,"date":"2022-01-18T13:34:21","date_gmt":"2022-01-18T12:34:21","guid":{"rendered":"http:\/\/baeckerei-holzmeyer.de\/?page_id=695"},"modified":"2023-04-18T11:14:07","modified_gmt":"2023-04-18T10:14:07","slug":"warenkorb","status":"publish","type":"page","link":"https:\/\/baeckerei-holzmeyer.de\/?page_id=695","title":{"rendered":"Warenkorb"},"content":{"rendered":"\n<p><strong>Achtung!\u00a0<\/strong><\/p>\n\n\n\n<p>Beachten Sie bitte die Fristen hinsichtlich Bestelltag und Abholtag!<\/p>\n\n\n\n<figure class=\"wp-block-table\"><table><tbody><tr><td><strong>Bestellt am:<\/strong><\/td><td><strong>Abholbereit am:<\/strong><\/td><\/tr><tr><td>Montag<\/td><td>Mittwoch<\/td><\/tr><tr><td>Dienstag<\/td><td>Donnerstag<\/td><\/tr><tr><td>Mittwoch<\/td><td>Freitag<\/td><\/tr><tr><td>Donnerstag<\/td><td>Samstag<\/td><\/tr><tr><td>Freitag<\/td><td>Sonntag<\/td><\/tr><tr><td>Samstag<\/td><td>Dienstag<\/td><\/tr><tr><td>Sonntag<\/td><td>Dienstag<\/td><\/tr><\/tbody><\/table><\/figure>\n\n\n\n<p>Bestellung h\u00f6herer St\u00fcckzahlen oder besonderer Produkte nur unter Vorbehalt. Feinbackwaren, Dauergeb\u00e4ck und Kuchen sind nicht immer verf\u00fcgbar. Bestellung k\u00f6nnen wir nur unter Vorbehalt annehmen.<\/p>\n\n\n\n<ul class=\"wp-block-list\">\n<li><strong>Mindestbestellwert: 4,50&nbsp;\u20ac<\/strong><br><\/li>\n<\/ul>\n\n\n<div class=\"woocommerce\"><div class=\"woocommerce-notices-wrapper\"><\/div><p class=\"cart-empty woocommerce-info\">Your cart is currently empty.<\/p>\t<p class=\"return-to-shop\">\n\t\t<a class=\"button wc-backward wp-element-button\" href=\"https:\/\/baeckerei-holzmeyer.de\">\n\t\t\tReturn to shop\t\t<\/a>\n\t<\/p>\n<\/div>\n","protected":false},"excerpt":{"rendered":"<p>Achtung!\u00a0 Beachten Sie bitte die Fristen hinsichtlich Bestelltag und Abholtag! Bestellt am: Abholbereit am: Montag Mittwoch Dienstag Donnerstag Mittwoch Freitag Donnerstag Samstag Freitag Sonntag Samstag Dienstag Sonntag Dienstag Bestellung h\u00f6herer St\u00fcckzahlen oder besonderer Produkte nur unter Vorbehalt. Feinbackwaren, Dauergeb\u00e4ck und Kuchen sind nicht immer verf\u00fcgbar. Bestellung k\u00f6nnen wir nur unter Vorbehalt annehmen.<\/p>\n","protected":false},"author":1,"featured_media":0,"parent":0,"menu_order":0,"comment_status":"closed","ping_status":"closed","template":"","meta":{"ngg_post_thumbnail":0,"footnotes":""},"class_list":["post-695","page","type-page","status-publish","hentry"],"_links":{"self":[{"href":"https:\/\/baeckerei-holzmeyer.de\/index.php?rest_route=\/wp\/v2\/pages\/695","targetHints":{"allow":["GET"]}}],"collection":[{"href":"https:\/\/baeckerei-holzmeyer.de\/index.php?rest_route=\/wp\/v2\/pages"}],"about":[{"href":"https:\/\/baeckerei-holzmeyer.de\/index.php?rest_route=\/wp\/v2\/types\/page"}],"author":[{"embeddable":true,"href":"https:\/\/baeckerei-holzmeyer.de\/index.php?rest_route=\/wp\/v2\/users\/1"}],"replies":[{"embeddable":true,"href":"https:\/\/baeckerei-holzmeyer.de\/index.php?rest_route=%2Fwp%2Fv2%2Fcomments&post=695"}],"version-history":[{"count":3,"href":"https:\/\/baeckerei-holzmeyer.de\/index.php?rest_route=\/wp\/v2\/pages\/695\/revisions"}],"predecessor-version":[{"id":860,"href":"https:\/\/baeckerei-holzmeyer.de\/index.php?rest_route=\/wp\/v2\/pages\/695\/revisions\/860"}],"wp:attachment":[{"href":"https:\/\/baeckerei-holzmeyer.de\/index.php?rest_route=%2Fwp%2Fv2%2Fmedia&parent=695"}],"curies":[{"name":"wp","href":"https:\/\/api.w.org\/{rel}","templated":true}]}}