{"id":129,"date":"2014-03-06T12:09:13","date_gmt":"2014-03-06T11:09:13","guid":{"rendered":"http:\/\/163558.test-my-website.de\/wp\/?page_id=129"},"modified":"2025-10-26T20:23:00","modified_gmt":"2025-10-26T19:23:00","slug":"home","status":"publish","type":"page","link":"https:\/\/baeckerei-holzmeyer.de\/","title":{"rendered":"Home"},"content":{"rendered":"\n<p><\/p>\n\n\n\n<h1 class=\"wp-block-heading has-text-align-center has-luminous-vivid-orange-color has-text-color\"><\/h1>\n\n\n\n<h2 class=\"wp-block-heading has-text-align-center\"><a href=\"https:\/\/baeckerei-holzmeyer.de\/?page_id=66\">Beachten Sie aber auch bitte weiterhin<\/a><br><a href=\"https:\/\/baeckerei-holzmeyer.de\/?page_id=66\">die aktuellen \u00d6ffnungszeiten unseres Ladengesch\u00e4ftes!<\/a><\/h2>\n\n\n\n<h2 class=\"wp-block-heading has-text-align-center\"><br><span style=\"color: #000080;\"><\/span><wp-block data-block=\"core\/more\"><\/wp-block><\/h2>\n\n\n\n<h3 class=\"wp-block-heading has-text-align-center\"><span style=\"color: #333399;\">Das Geheimnis unseres Unternehmens liegt<\/span><br><span style=\"color: #333399;\"> in der Qualit\u00e4t unserer Backwaren.<\/span><\/h3>\n\n\n\n<h3 class=\"wp-block-heading has-text-align-center\"><span style=\"color: #333399;\"><a href=\"http:\/\/baeckerei-holzmeyer.de\/wp-content\/uploads\/2014\/03\/IMG_6679-klein.jpg\"><img loading=\"lazy\" decoding=\"async\" class=\"alignnone wp-image-441 size-medium\" src=\"http:\/\/baeckerei-holzmeyer.de\/wp-content\/uploads\/2014\/03\/IMG_6679-klein-300x205.jpg\" alt=\"\" width=\"300\" height=\"205\" srcset=\"https:\/\/baeckerei-holzmeyer.de\/wp-content\/uploads\/2014\/03\/IMG_6679-klein-300x205.jpg 300w, https:\/\/baeckerei-holzmeyer.de\/wp-content\/uploads\/2014\/03\/IMG_6679-klein-600x412.jpg 600w, https:\/\/baeckerei-holzmeyer.de\/wp-content\/uploads\/2014\/03\/IMG_6679-klein-1024x702.jpg 1024w, https:\/\/baeckerei-holzmeyer.de\/wp-content\/uploads\/2014\/03\/IMG_6679-klein.jpg 1600w\" sizes=\"auto, (max-width: 300px) 100vw, 300px\" \/><\/a><\/span><\/h3>\n\n\n\n<h3 class=\"wp-block-heading has-text-align-center\"><span style=\"color: #000080;\">Unser Brot wird mit Natursauerteig hergestellt.<\/span><br><span style=\"color: #000080;\"> Wir verwenden nur ausgesuchte, gute, hochwertige Rohstoffe<\/span><br><span style=\"color: #000080;\"> und Zutaten, um f\u00fcr unsere Kunden einen gleichbleibend<\/span><br><span style=\"color: #000080;\"> hohen Qualit\u00e4tsstandard zu gew\u00e4hrleisten.<\/span><\/h3>\n\n\n\n<h3 class=\"wp-block-heading has-text-align-center\"><span style=\"color: #000080;\">Unsere Backwaren werden alle im<\/span><br><span style=\"color: #000080;\"> Steinofen gebacken.<\/span><\/h3>\n\n\n\n<h3 class=\"wp-block-heading has-text-align-center\"><span style=\"color: #000080;\">Und diese Qualit\u00e4t schmeckt man ganz einfach!!<\/span><\/h3>\n\n\n\n<p class=\"has-text-align-center\"><span style=\"color: #ffffff;\">______________________________________________________________________________________________<\/span><\/p>\n","protected":false},"excerpt":{"rendered":"<p>Beachten Sie aber auch bitte weiterhindie aktuellen \u00d6ffnungszeiten unseres Ladengesch\u00e4ftes! Das Geheimnis unseres Unternehmens liegt in der Qualit\u00e4t unserer Backwaren. Unser Brot wird mit Natursauerteig hergestellt. Wir verwenden nur ausgesuchte, gute, hochwertige Rohstoffe und Zutaten, um f\u00fcr unsere Kunden einen gleichbleibend hohen Qualit\u00e4tsstandard zu gew\u00e4hrleisten. Unsere Backwaren werden alle im Steinofen gebacken. Und diese Qualit\u00e4t [&hellip;]<\/p>\n","protected":false},"author":1,"featured_media":0,"parent":0,"menu_order":0,"comment_status":"closed","ping_status":"closed","template":"","meta":{"ngg_post_thumbnail":0,"footnotes":""},"class_list":["post-129","page","type-page","status-publish","hentry"],"_links":{"self":[{"href":"https:\/\/baeckerei-holzmeyer.de\/index.php?rest_route=\/wp\/v2\/pages\/129","targetHints":{"allow":["GET"]}}],"collection":[{"href":"https:\/\/baeckerei-holzmeyer.de\/index.php?rest_route=\/wp\/v2\/pages"}],"about":[{"href":"https:\/\/baeckerei-holzmeyer.de\/index.php?rest_route=\/wp\/v2\/types\/page"}],"author":[{"embeddable":true,"href":"https:\/\/baeckerei-holzmeyer.de\/index.php?rest_route=\/wp\/v2\/users\/1"}],"replies":[{"embeddable":true,"href":"https:\/\/baeckerei-holzmeyer.de\/index.php?rest_route=%2Fwp%2Fv2%2Fcomments&post=129"}],"version-history":[{"count":48,"href":"https:\/\/baeckerei-holzmeyer.de\/index.php?rest_route=\/wp\/v2\/pages\/129\/revisions"}],"predecessor-version":[{"id":975,"href":"https:\/\/baeckerei-holzmeyer.de\/index.php?rest_route=\/wp\/v2\/pages\/129\/revisions\/975"}],"wp:attachment":[{"href":"https:\/\/baeckerei-holzmeyer.de\/index.php?rest_route=%2Fwp%2Fv2%2Fmedia&parent=129"}],"curies":[{"name":"wp","href":"https:\/\/api.w.org\/{rel}","templated":true}]}}